{"id":1434,"date":"2018-07-10T10:02:12","date_gmt":"2018-07-10T14:02:12","guid":{"rendered":"https:\/\/www.thinkc.ca\/fr\/?page_id=1434"},"modified":"2025-04-02T14:45:47","modified_gmt":"2025-04-02T18:45:47","slug":"homepage-3","status":"publish","type":"page","link":"https:\/\/www.thinkc.ca\/fr\/","title":{"rendered":"Page d&rsquo;accueil"},"content":{"rendered":"<p>[vc_row full_width=\u00a0\u00bbstretch_row\u00a0\u00bb parallax=\u00a0\u00bbcontent-moving\u00a0\u00bb parallax_image=\u00a0\u00bb1584&Prime;][vc_column][vc_empty_space height=\u00a0\u00bb120px\u00a0\u00bb][vc_column_text]<\/p>\n<h2 class=\"no-margin-top style1\" style=\"font-family: 'Roboto', sans-serif; text-align: center; width: 100%; font-size: 28px; color: #43546c; font-weight: bold;\">Cr\u00e9ativit\u00e9. Communication. Collaboration.<\/h2>\n<h2 class=\"no-margin-top style1\" style=\"font-family: 'Roboto', sans-serif; text-align: center; width: 100%; font-size: 55px; color: #43546c; font-weight: bold;\">Une pens\u00e9e novatrice qui g\u00e9n\u00e8re des r\u00e9sultats <\/h2>\n<h2 class=\"no-margin-top style1\" style=\"font-family: 'Roboto', sans-serif; text-align: center; width: 100%; font-size: 60px; color: #43546c; font-weight: bold;\"><\/h2>\n<style>#engage-id.vc_parallax.vc_row .vc_parallax-inner {box-shadow:none !important}<\/style>\n<p>[\/vc_column_text][vc_empty_space height=\u00a0\u00bb50px\u00a0\u00bb][\/vc_column][\/vc_row]<\/p><p>[vc_row][vc_column][vc_empty_space height=\u00a0\u00bb82px\u00a0\u00bb][\/vc_column][\/vc_row]<\/p><p>[vc_row full_width=\u00a0\u00bbstretch_row_content\u00a0\u00bb][vc_column width=\u00a0\u00bb1\/2&Prime;][vc_empty_space height=\u00a0\u00bb40px\u00a0\u00bb][vc_column_text]<\/p>\n<h2 style=\"text-align: right; font-size: 38px;\">Brainstormez avec intelligence, innovez plus rapidement<\/h2>\n<h2 style=\"text-align: right; font-size: 20px; margin-top: 0;\">Lib\u00e9rez votre cr\u00e9ativit\u00e9 et r\u00e9solvez des d\u00e9fis gr\u00e2ce \u00e0 des techniques \u00e9prouv\u00e9es. <\/h2>\n<div>\n<p style=\"text-align: right;\">Selon leur r\u00f4le, les employ\u00e9s passent en moyenne 30 \u00e0 40 % de leur temps de travail \u00e0 r\u00e9soudre des probl\u00e8mes : qu\u2019il s\u2019agisse de traiter des plaintes clients, d\u2019inefficacit\u00e9s dans les processus, de conflits d\u2019\u00e9quipe ou d\u2019impr\u00e9vus.<br \/>\nLes comp\u00e9tences en cr\u00e9ativit\u00e9 et en brainstorming deviennent plus essentielles que jamais.<\/p>\n<div><\/div>\n<\/div>\n<p>[\/vc_column_text][\/vc_column][vc_column width=\u00a0\u00bb1\/2&Prime;][vc_single_image image=\u00a0\u00bb1563&Prime; img_size=\u00a0\u00bblarge\u00a0\u00bb alignment=\u00a0\u00bbright\u00a0\u00bb][\/vc_column][\/vc_row]<\/p><p>[vc_row][vc_column][vc_empty_space height=\u00a0\u00bb88px\u00a0\u00bb][\/vc_column][\/vc_row]<\/p><p>[vc_row full_width=\u00a0\u00bbstretch_row\u00a0\u00bb parallax=\u00a0\u00bbcontent-moving\u00a0\u00bb parallax_image=\u00a0\u00bb1557&Prime; parallax_speed_bg=\u00a0\u00bb2.5&Prime; css=\u00a0\u00bb.vc_custom_1514499117247{background-color: #fffcfc!important;background-position: center;background-repeat: no-repeat !important;background-size: contain !important;}\u00a0\u00bb][vc_column][vc_empty_space height=\u00a0\u00bb60px\u00a0\u00bb][vc_column_text]<\/p>\n<h2 class=\"no-margin-top\" style=\"text-align: center; width: 100%;\">La cr\u00e9ativit\u00e9 est une comp\u00e9tence qui s\u2019apprend.<\/h2>\n<h2 class=\"no-margin-top\" style=\"text-align: center; width: 100%;\"><span style=\"font-size: 20px;\"> <strong> D\u00e9couvrez nos services <\/strong> pour am\u00e9liorer la r\u00e9solution de probl\u00e8mes gr\u00e2ce aux bonnes techniques, \u00e0 un changement de mindset et \u00e0 la pratique.\u00a0<\/span><\/h2>\n<p>[\/vc_column_text][vc_empty_space height=\u00a0\u00bb45px\u00a0\u00bb][vc_row_inner][vc_column_inner width=\u00a0\u00bb1\/3&Prime;][vc_icon icon_fontawesome=\u00a0\u00bbfa fa-graduation-cap\u00a0\u00bb color=\u00a0\u00bbcustom\u00a0\u00bb size=\u00a0\u00bblg\u00a0\u00bb align=\u00a0\u00bbcenter\u00a0\u00bb custom_color=\u00a0\u00bb#2f4862&Prime; css=\u00a0\u00bb.vc_custom_1514499398455{margin-bottom: 15px !important;}\u00a0\u00bb][vc_column_text]<\/p>\n<h3 style=\"margin: 5px 0; text-align: center; width: 100%;background-color: white\">Bo\u00eete \u00e0 outils \u00ab\u00a0Brainstorm Smarter\u00a0\u00bb<\/h3>\n<p><span style=\"text-align: center; font-size: 16px; width: 100%; display: block; background-color: white\">Cette option en auto-apprentissage vous aide \u00e0 traduire la cr\u00e9ativit\u00e9 et le brainstorming en langage business. Comprenez la science qui se cache derri\u00e8re, apprenez les bases du brainstorming, et utilisez des techniques et mod\u00e8les concrets pour vous pr\u00e9parer et r\u00e9ussir vos s\u00e9ances.\u00a0<\/span>[\/vc_column_text][\/vc_column_inner][vc_column_inner width=\u00a0\u00bb1\/3&Prime;][vc_icon icon_fontawesome=\u00a0\u00bbfa fa-paint-brush\u00a0\u00bb color=\u00a0\u00bbcustom\u00a0\u00bb size=\u00a0\u00bblg\u00a0\u00bb align=\u00a0\u00bbcenter\u00a0\u00bb custom_color=\u00a0\u00bb#2f4862&Prime; css=\u00a0\u00bb.vc_custom_1514499708205{margin-bottom: 15px !important;}\u00a0\u00bb][vc_column_text]<\/p>\n<h3 style=\"margin: 5px 0; text-align: center; width: 100%;background-color: white \">Coaching programs<\/h3>\n<p><span style=\"text-align: center; font-size: 16px; width: 100%; display: block;background-color: white\">Obtenez la bo\u00eete \u00e0 outils Brainstorm Smarter plus un programme de coaching personnalis\u00e9 pour amener vos sessions de brainstorming \u00e0 un tout autre niveau. Apprenez la th\u00e9orie et les techniques gr\u00e2ce \u00e0 la bo\u00eete \u00e0 outils, accompagn\u00e9s d\u2019un coaching expert adapt\u00e9 \u00e0 vos besoins.\u00a0<\/span>[\/vc_column_text][\/vc_column_inner][vc_column_inner width=\u00a0\u00bb1\/3&Prime;][vc_icon icon_fontawesome=\u00a0\u00bbfa fa-sitemap\u00a0\u00bb color=\u00a0\u00bbcustom\u00a0\u00bb size=\u00a0\u00bblg\u00a0\u00bb align=\u00a0\u00bbcenter\u00a0\u00bb custom_color=\u00a0\u00bb#2f4862&Prime; css=\u00a0\u00bb.vc_custom_1514499747175{margin-bottom: 15px !important;}\u00a0\u00bb][vc_column_text]<\/p>\n<h3 style=\"margin: 5px 0; text-align: center; width: 100%;background-color: white\">Ateliers de Brainstorming <\/h3>\n<p><span style=\"text-align: center; font-size: 16px; width: 100%; display: block;background-color: white\">D\u00e9bloquez le potentiel cr\u00e9atif de votre \u00e9quipe gr\u00e2ce \u00e0 un atelier de brainstorming guid\u00e9 par un facilitateur expert. Cette session, en virtuel ou en pr\u00e9sentiel, utilise des techniques \u00e9prouv\u00e9es et des cadres structur\u00e9s pour travailler sur des cas concrets.<\/span>[\/vc_column_text][\/vc_column_inner][\/vc_row_inner][vc_empty_space height=\u00a0\u00bb60px\u00a0\u00bb][\/vc_column][\/vc_row]<\/p><p>[vc_row][vc_column][vc_empty_space height=\u00a0\u00bb88px\u00a0\u00bb][\/vc_column][\/vc_row]<\/p><h2 style=\"text-align: center; font-size: 38px;\">La cr\u00e9ativit\u00e9 n\u2019est pas un luxe \u2014 c\u2019est une comp\u00e9tence de survie<\/h2>\n<h2 style=\"text-align: center; font-size: 20px; margin-top: 0;\">Dans un monde rapide et en constante \u00e9volution, la meilleure strat\u00e9gie n\u2019est ni de foncer ni d\u2019attendre \u2014 c\u2019est de penser autrement.<\/h2><p>[vc_row full_width=\u00a0\u00bbstretch_row\u00a0\u00bb][vc_column][vc_empty_space height=\u00a0\u00bb60px\u00a0\u00bb][vc_row_inner][vc_column_inner width=\u00a0\u00bb1\/3&Prime;][vc_icon icon_fontawesome=\u00a0\u00bbfa fa-spinner\u00a0\u00bb color=\u00a0\u00bbwhite\u00a0\u00bb background_style=\u00a0\u00bbrounded-less\u00a0\u00bb background_color=\u00a0\u00bbcustom\u00a0\u00bb align=\u00a0\u00bbcenter\u00a0\u00bb custom_background_color=\u00a0\u00bb#9cc5ca\u00a0\u00bb][vc_column_text]<\/p>\n<p style=\"text-align: center;\"><strong>Comp\u00e9tence cl\u00e9 pour les leaders de demain<\/strong><\/p>\n<p style=\"text-align: center; font-size: 16px;\">L\u2019IA et d\u2019autres technologies \u00e9voluent rapidement, mais la pens\u00e9e humaine et cr\u00e9ative est plus importante que jamais pour faire la diff\u00e9rence.<\/p>\n<p>[\/vc_column_text][\/vc_column_inner][vc_column_inner width=\u00a0\u00bb1\/3&Prime;][vc_icon icon_fontawesome=\u00a0\u00bbfa fa-object-group\u00a0\u00bb color=\u00a0\u00bbwhite\u00a0\u00bb background_style=\u00a0\u00bbrounded-less\u00a0\u00bb background_color=\u00a0\u00bbcustom\u00a0\u00bb align=\u00a0\u00bbcenter\u00a0\u00bb custom_background_color=\u00a0\u00bb#696a6d\u00a0\u00bb][vc_column_text]<\/p>\n<p style=\"text-align: center;\"><strong>Agilit\u00e9 et innovation<\/strong><\/p>\n<p style=\"text-align: center; font-size: 16px;\">Le rythme du changement actuel exige une r\u00e9flexion rapide pour transformer les id\u00e9es en r\u00e9sultats concrets et vous d\u00e9marquer.<\/p>\n<p>[\/vc_column_text][\/vc_column_inner][vc_column_inner width=\u00a0\u00bb1\/3&Prime;][vc_icon icon_fontawesome=\u00a0\u00bbfa fa-object-group\u00a0\u00bb color=\u00a0\u00bbwhite\u00a0\u00bb background_style=\u00a0\u00bbrounded-less\u00a0\u00bb background_color=\u00a0\u00bbcustom\u00a0\u00bb align=\u00a0\u00bbcenter\u00a0\u00bb custom_background_color=\u00a0\u00bb#696a6d\u00a0\u00bb][vc_column_text]<\/p>\n<p style=\"text-align: center;\"><strong>Engagement des employ\u00e9s<\/strong><\/p>\n<p style=\"text-align: center; font-size: 16px;\">Augmentez la satisfaction (et la fid\u00e9lisation) de vos employ\u00e9s en les impliquant dans le processus de r\u00e9flexion.Ce sont vos ressources les plus pr\u00e9cieuses.<\/p>\n<p>[\/vc_column_text][\/vc_column_inner][\/vc_row_inner][vc_empty_space height=\u00a0\u00bb88px\u00a0\u00bb][vc_row_inner][vc_column_inner][vc_column_text]<\/p><p>[vc_row full_width=\u00a0\u00bbstretch_row\u00a0\u00bb css=\u00a0\u00bb.vc_custom_1511468439948{background-color:#d1896d !important;}\u00a0\u00bb] <\/p>\n<div class=\"vc_row\" style=\"background-color:#d1896d !important;\">\n        <vc_column><br \/>\n            <vc_empty_space height=\"25px\"><br \/>\n            <vc_column_text><\/p>\n<h3 style=\"text-align: center; color: white;\">Pr\u00eat(e) \u00e0 transformer vos id\u00e9es en r\u00e9sultats concrets?<\/h3>\n<h3 style=\"text-align: center; color: white;\"> <strong> T\u00e9l\u00e9chargez <\/strong>  gratuitement votre kit de d\u00e9marrage pour brainstormer d\u00e8s aujourd\u2019hui :<\/h3>\n<style type=\"text\/css\">\n                    .button-atelier {\n                        background: white !important;\n                        color: #d1896d !important;\n                        text-shadow: none !important;\n                    }\n                    .screen-reader-response {\n                        position: relative !important;\n                        float: none !important;\n                        height: 10px !important;\n                        text-align: center !important;\n                        color: white !important;\n                        width: 50% !important;\n                        margin: 0 auto 10px !important;\n                        font-weight: bold !important;\n                    }\n                <\/style>\n<p>            <\/vc_column_text><\/p>\n<div role=\"form\" class=\"wpcf7\" id=\"wpcf7-f1140-o1\" lang=\"en-US\" dir=\"ltr\">\n<div class=\"screen-reader-response\"><\/div>\n<form action=\"\/fr\/wp-json\/wp\/v2\/pages\/1434#wpcf7-f1140-o1\" method=\"post\" class=\"wpcf7-form\" novalidate=\"novalidate\">\n<div style=\"display: none;\">\n<input type=\"hidden\" name=\"_wpcf7\" value=\"1140\" \/>\n<input type=\"hidden\" name=\"_wpcf7_version\" value=\"4.7\" \/>\n<input type=\"hidden\" name=\"_wpcf7_locale\" value=\"en_US\" \/>\n<input type=\"hidden\" name=\"_wpcf7_unit_tag\" value=\"wpcf7-f1140-o1\" \/>\n<input type=\"hidden\" name=\"_wpnonce\" value=\"f394484558\" \/>\n<\/div>\n<div style=\"text-align: center;\">\n<div style=\"max-width: 400px; margin: 0 auto;\">\n    <span><span class=\"wpcf7-form-control-wrap text-693\"><input type=\"text\" name=\"text-693\" value=\"\" size=\"40\" class=\"wpcf7-form-control wpcf7-text wpcf7-validates-as-required\" aria-required=\"true\" aria-invalid=\"false\" placeholder=\"Your name\" \/><\/span><\/span><br\/><br \/>\n    <span><span class=\"wpcf7-form-control-wrap email-414\"><input type=\"email\" name=\"email-414\" value=\"\" size=\"40\" class=\"wpcf7-form-control wpcf7-text wpcf7-email wpcf7-validates-as-required wpcf7-validates-as-email\" aria-required=\"true\" aria-invalid=\"false\" placeholder=\"Your email\" \/><\/span><\/span><br\/>\n  <\/div>\n<div style=\"margin-top: 20px; margin-bottom: 60px;\">\n    <input type=\"submit\" value=\"SIGN-UP\" class=\"wpcf7-form-control wpcf7-submit\" \/>\n  <\/div>\n<\/div>\n<input type='hidden' class='wpcf7-pum' value='{\"closepopup\":false,\"closedelay\":0,\"openpopup\":false,\"openpopup_id\":0}' \/><div class=\"wpcf7-response-output wpcf7-display-none\"><\/div><\/form><\/div>\n<p>            <!-- Add some space after the form --><\/p>\n<div style=\"margin-bottom: 40px;\"><\/div>\n<p>        <\/vc_column>\n    <\/div>\n<p>[\/vc_row]<\/p><p><\/p><div class=\"wp-block-buttons is-layout-flex wp-block-buttons-is-layout-flex\"><\/div><p><\/p><p>[vc_row][vc_column][vc_empty_space height=\u00a0\u00bb50px\u00a0\u00bb][vc_column_text]<br \/>\n[\/vc_column_text][\/vc_column][\/vc_row]<\/p><p><\/p><p>[vc_row][vc_column][vc_empty_space height=\u00a0\u00bb50px\u00a0\u00bb][vc_column_text]<br \/>\n[\/vc_column_text][\/vc_column][\/vc_row]<\/p>","protected":false},"excerpt":{"rendered":"<p>[vc_row][vc_column][vc_empty_space height=\u00a0\u00bb82px\u00a0\u00bb][\/vc_column][\/vc_row] [vc_row][vc_column][vc_empty_space height=\u00a0\u00bb88px\u00a0\u00bb][\/vc_column][\/vc_row] [vc_row][vc_column][vc_empty_space height=\u00a0\u00bb88px\u00a0\u00bb][\/vc_column][\/vc_row]<\/p>\n","protected":false},"author":1,"featured_media":0,"parent":0,"menu_order":0,"comment_status":"closed","ping_status":"closed","template":"","meta":{"footnotes":""},"class_list":["post-1434","page","type-page","status-publish","hentry","no-post-thumbnail"],"jetpack_sharing_enabled":true,"_links":{"self":[{"href":"https:\/\/www.thinkc.ca\/fr\/wp-json\/wp\/v2\/pages\/1434","targetHints":{"allow":["GET"]}}],"collection":[{"href":"https:\/\/www.thinkc.ca\/fr\/wp-json\/wp\/v2\/pages"}],"about":[{"href":"https:\/\/www.thinkc.ca\/fr\/wp-json\/wp\/v2\/types\/page"}],"author":[{"embeddable":true,"href":"https:\/\/www.thinkc.ca\/fr\/wp-json\/wp\/v2\/users\/1"}],"replies":[{"embeddable":true,"href":"https:\/\/www.thinkc.ca\/fr\/wp-json\/wp\/v2\/comments?post=1434"}],"version-history":[{"count":11,"href":"https:\/\/www.thinkc.ca\/fr\/wp-json\/wp\/v2\/pages\/1434\/revisions"}],"predecessor-version":[{"id":1757,"href":"https:\/\/www.thinkc.ca\/fr\/wp-json\/wp\/v2\/pages\/1434\/revisions\/1757"}],"wp:attachment":[{"href":"https:\/\/www.thinkc.ca\/fr\/wp-json\/wp\/v2\/media?parent=1434"}],"curies":[{"name":"wp","href":"https:\/\/api.w.org\/{rel}","templated":true}]}}