{"id":1443,"date":"2018-07-10T13:45:55","date_gmt":"2018-07-10T17:45:55","guid":{"rendered":"https:\/\/www.thinkc.ca\/fr\/?page_id=1443"},"modified":"2018-07-26T15:30:01","modified_gmt":"2018-07-26T19:30:01","slug":"design-de-document","status":"publish","type":"page","link":"https:\/\/www.thinkc.ca\/fr\/design-de-document\/","title":{"rendered":"Design de document"},"content":{"rendered":"<p>[vc_row full_width=\u00a0\u00bbstretch_row\u00a0\u00bb content_placement=\u00a0\u00bbmiddle\u00a0\u00bb parallax=\u00a0\u00bbcontent-moving\u00a0\u00bb parallax_image=\u00a0\u00bb1511&Prime; parallax_speed_bg=\u00a0\u00bb2.62&Prime;][vc_column][vc_empty_space height=\u00a0\u00bb120px\u00a0\u00bb][vc_column_text]<\/p>\n<h2 class=\"no-margin-top style1\" style=\"font-family: 'Playfair Display', serif; text-align: center; width: 100%; font-size: 40px; color: #43546c; font-weight: bold;\">Design de document et de gabarit<\/h2>\n<h2 class=\"no-margin-top style1\" style=\"font-family: 'Roboto', sans-serif; text-align: center; width: 100%; font-size: 60px; color: #43546c; font-weight: bold;\">Cr\u00e9ez et visualisez une histoire<\/h2>\n<h2 class=\"no-margin-top style1\" style=\"font-family: 'Roboto', sans-serif; text-align: center; width: 100%; font-size: 60px; color: #43546c; font-weight: bold;\">qui engage des gens.<\/h2>\n<style>#engage-id.vc_parallax.vc_row .vc_parallax-inner {box-shadow:none !important}<\/style>\n<p>[\/vc_column_text][vc_empty_space height=\u00a0\u00bb90px\u00a0\u00bb][\/vc_column][\/vc_row][vc_row][vc_column][vc_row_inner][vc_column_inner width=\u00a0\u00bb1\/2&Prime;][vc_empty_space height=\u00a0\u00bb60px\u00a0\u00bb][vc_column_text]<\/p>\n<h2 style=\"text-align: left;\">Des services flexibles qui s&rsquo;adaptent \u00e0 vos besoins<\/h2>\n<p>[\/vc_column_text][vc_column_text]<\/p>\n<p style=\"text-align: left;\">Des forfaits de design commencent \u00e0 $350 incluant une session strat\u00e9gique et des gabarits pr\u00eats \u00e0 \u00eatre utilis\u00e9s pour la vente, les pr\u00e9sentations ou un document pitch.<\/p>\n<p>[\/vc_column_text][vc_empty_space][vc_column_text]<strong>Un processus efficace avec la bonne balance de strat\u00e9gie et design<br \/>\n<\/strong><\/p>\n<ol>\n<li>Une session de\u00a0collaboration aide \u00e0 d\u00e9finir la strat\u00e9gie de document et l\u2019histoire.<\/li>\n<li>Cr\u00e9ation de la structure page-par-page pour atteindre des objectifs<\/li>\n<li>Appliquer les techniques d&rsquo;un design efficace pour optimiser le document<\/li>\n<\/ol>\n<p>[\/vc_column_text][\/vc_column_inner][vc_column_inner width=\u00a0\u00bb1\/2&Prime;][vc_empty_space height=\u00a0\u00bb110px\u00a0\u00bb][vc_single_image image=\u00a0\u00bb1131&Prime; img_size=\u00a0\u00bbfull\u00a0\u00bb alignment=\u00a0\u00bbright\u00a0\u00bb][\/vc_column_inner][\/vc_row_inner][vc_empty_space height=\u00a0\u00bb88&Prime;][\/vc_column][\/vc_row][vc_row full_width=\u00a0\u00bbstretch_row\u00a0\u00bb content_placement=\u00a0\u00bbmiddle\u00a0\u00bb parallax=\u00a0\u00bbcontent-moving\u00a0\u00bb parallax_image=\u00a0\u00bb1030&Prime; parallax_speed_bg=\u00a0\u00bb2.5&Prime;][vc_column][vc_empty_space height=\u00a0\u00bb110px\u00a0\u00bb][vc_column_text]<\/p>\n<h2 style=\"text-align: center; font-size: 28px;\">Changez votre productivit\u00e9 pour toujours<\/h2>\n<h2 style=\"text-align: center; font-size: 45px;\">Programmation de gabarit.<\/h2>\n<p>[\/vc_column_text][vc_empty_space height=\u00a0\u00bb65px\u00a0\u00bb][vc_column_text]<\/p>\n<p style=\"text-align: center;\">Recevez des r\u00e9sultats optimaux et coh\u00e9rents pour toute votre \u00e9quipe avec la programmation d&rsquo;un gabarit<\/p>\n<p>[\/vc_column_text][vc_empty_space height=\u00a0\u00bb110px\u00a0\u00bb][\/vc_column][\/vc_row][vc_row full_width=\u00a0\u00bbstretch_row\u00a0\u00bb][vc_column][vc_empty_space height=\u00a0\u00bb60px\u00a0\u00bb][vc_row_inner][vc_column_inner width=\u00a0\u00bb1\/3&Prime;][vc_icon icon_fontawesome=\u00a0\u00bbfa fa-spinner\u00a0\u00bb color=\u00a0\u00bbwhite\u00a0\u00bb background_style=\u00a0\u00bbrounded-less\u00a0\u00bb background_color=\u00a0\u00bbcustom\u00a0\u00bb align=\u00a0\u00bbcenter\u00a0\u00bb custom_background_color=\u00a0\u00bb#9cc5ca\u00a0\u00bb][vc_column_text]<\/p>\n<p style=\"text-align: center;\"><strong>Une utilisation facile<\/strong><\/p>\n<p style=\"text-align: center; font-size: 16px;\">Cr\u00e9ez votre propre document professionnel en quelques clics.<\/p>\n<p>[\/vc_column_text][\/vc_column_inner][vc_column_inner width=\u00a0\u00bb1\/3&Prime;][vc_icon icon_fontawesome=\u00a0\u00bbfa fa-object-group\u00a0\u00bb color=\u00a0\u00bbwhite\u00a0\u00bb background_style=\u00a0\u00bbrounded-less\u00a0\u00bb background_color=\u00a0\u00bbcustom\u00a0\u00bb align=\u00a0\u00bbcenter\u00a0\u00bb custom_background_color=\u00a0\u00bb#696a6d\u00a0\u00bb][vc_column_text]<\/p>\n<p style=\"text-align: center;\"><strong>Personnaliser votre utilisation<\/strong><\/p>\n<p style=\"text-align: center; font-size: 16px;\">Le look du gabarit est adapt\u00e9 \u00e0 vos besoins: corporatif, cr\u00e9atif, etc.<\/p>\n<p>[\/vc_column_text][\/vc_column_inner][vc_column_inner width=\u00a0\u00bb1\/3&Prime;][vc_icon icon_fontawesome=\u00a0\u00bbfa fa-object-group\u00a0\u00bb color=\u00a0\u00bbwhite\u00a0\u00bb background_style=\u00a0\u00bbrounded-less\u00a0\u00bb background_color=\u00a0\u00bbcustom\u00a0\u00bb align=\u00a0\u00bbcenter\u00a0\u00bb custom_background_color=\u00a0\u00bb#696a6d\u00a0\u00bb][vc_column_text]<\/p>\n<p style=\"text-align: center;\"><strong>Un look qui vous ressemble <\/strong><\/p>\n<p style=\"text-align: center; font-size: 16px;\">Recevez des \u00e9l\u00e9ments visuels coh\u00e9rents avec votre marque<\/p>\n<p>[\/vc_column_text][\/vc_column_inner][\/vc_row_inner][vc_empty_space height=\u00a0\u00bb88px\u00a0\u00bb][vc_row_inner][vc_column_inner][vc_column_text]<\/p>\n<h3 style=\"text-align: left;\">Une m\u00e9thodologie structur\u00e9e et cr\u00e9ative<\/h3>\n<p style=\"font-size: 16px; text-align: left;\">Think C suit un processus de cr\u00e9ation bas\u00e9 sur les meilleures pratiques de l&rsquo;industrie; incluant l&rsquo;importance de la strat\u00e9gie, le storytelling et la touche cr\u00e9ative pour cr\u00e9er le visuel.<br \/>\nDes avants-apr\u00e8s tr\u00e8s puissants &#8230;<\/p>\n<p>[\/vc_column_text][vc_empty_space height=\u00a0\u00bb20px\u00a0\u00bb][\/vc_column_inner][\/vc_row_inner][vc_row_inner][\/vc_row_inner][vc_empty_space height=\u00a0\u00bb50px\u00a0\u00bb][vc_row_inner][vc_column_inner width=\u00a0\u00bb1\/3&Prime;][vc_empty_space height=\u00a0\u00bb22px\u00a0\u00bb][vc_single_image image=\u00a0\u00bb1242&Prime; img_size=\u00a0\u00bblarge\u00a0\u00bb alignment=\u00a0\u00bbcenter\u00a0\u00bb][\/vc_column_inner][vc_column_inner width=\u00a0\u00bb1\/3&Prime;][vc_empty_space height=\u00a0\u00bb22px\u00a0\u00bb][vc_single_image image=\u00a0\u00bb1244&Prime; img_size=\u00a0\u00bblarge\u00a0\u00bb alignment=\u00a0\u00bbcenter\u00a0\u00bb][\/vc_column_inner][vc_column_inner width=\u00a0\u00bb1\/3&Prime;][vc_empty_space][vc_single_image image=\u00a0\u00bb1239&Prime; img_size=\u00a0\u00bblarge\u00a0\u00bb alignment=\u00a0\u00bbcenter\u00a0\u00bb][\/vc_column_inner][\/vc_row_inner][\/vc_column][\/vc_row][vc_row][vc_column][vc_empty_space height=\u00a0\u00bb50px\u00a0\u00bb][vc_column_inner width=\u00a0\u00bb1\/3&Prime;][\/vc_column_inner][vc_row_inner][vc_column_inner][vc_empty_space height=\u00a0\u00bb50&Prime;][\/vc_column_inner][\/vc_row_inner][vc_empty_space height=\u00a0\u00bb50px\u00a0\u00bb][\/vc_column][\/vc_row][vc_row][vc_column][\/vc_column][\/vc_row]<\/p>\n","protected":false},"excerpt":{"rendered":"<p>[vc_row full_width=\u00a0\u00bbstretch_row\u00a0\u00bb content_placement=\u00a0\u00bbmiddle\u00a0\u00bb parallax=\u00a0\u00bbcontent-moving\u00a0\u00bb parallax_image=\u00a0\u00bb1511&Prime; parallax_speed_bg=\u00a0\u00bb2.62&Prime;][vc_column][vc_empty_space height=\u00a0\u00bb120px\u00a0\u00bb][vc_column_text] Design de document et de gabarit Cr\u00e9ez et visualisez une histoire qui engage des gens. [\/vc_column_text][vc_empty_space height=\u00a0\u00bb90px\u00a0\u00bb][\/vc_column][\/vc_row][vc_row][vc_column][vc_row_inner][vc_column_inner width=\u00a0\u00bb1\/2&Prime;][vc_empty_space height=\u00a0\u00bb60px\u00a0\u00bb][vc_column_text] Des services flexibles qui s&rsquo;adaptent \u00e0 vos besoins [\/vc_column_text][vc_column_text] Des forfaits de design commencent \u00e0 $350 incluant une session strat\u00e9gique et des gabarits pr\u00eats \u00e0 \u00eatre utilis\u00e9s pour la [&hellip;]<\/p>\n","protected":false},"author":1,"featured_media":0,"parent":0,"menu_order":0,"comment_status":"closed","ping_status":"closed","template":"","meta":{"footnotes":""},"class_list":["post-1443","page","type-page","status-publish","hentry","no-post-thumbnail"],"jetpack_sharing_enabled":true,"_links":{"self":[{"href":"https:\/\/www.thinkc.ca\/fr\/wp-json\/wp\/v2\/pages\/1443","targetHints":{"allow":["GET"]}}],"collection":[{"href":"https:\/\/www.thinkc.ca\/fr\/wp-json\/wp\/v2\/pages"}],"about":[{"href":"https:\/\/www.thinkc.ca\/fr\/wp-json\/wp\/v2\/types\/page"}],"author":[{"embeddable":true,"href":"https:\/\/www.thinkc.ca\/fr\/wp-json\/wp\/v2\/users\/1"}],"replies":[{"embeddable":true,"href":"https:\/\/www.thinkc.ca\/fr\/wp-json\/wp\/v2\/comments?post=1443"}],"version-history":[{"count":9,"href":"https:\/\/www.thinkc.ca\/fr\/wp-json\/wp\/v2\/pages\/1443\/revisions"}],"predecessor-version":[{"id":1768,"href":"https:\/\/www.thinkc.ca\/fr\/wp-json\/wp\/v2\/pages\/1443\/revisions\/1768"}],"wp:attachment":[{"href":"https:\/\/www.thinkc.ca\/fr\/wp-json\/wp\/v2\/media?parent=1443"}],"curies":[{"name":"wp","href":"https:\/\/api.w.org\/{rel}","templated":true}]}}