{"id":1477,"date":"2018-07-17T10:22:46","date_gmt":"2018-07-17T14:22:46","guid":{"rendered":"https:\/\/www.thinkc.ca\/fr\/?page_id=1477"},"modified":"2018-07-19T09:53:24","modified_gmt":"2018-07-19T13:53:24","slug":"contact","status":"publish","type":"page","link":"https:\/\/www.thinkc.ca\/fr\/contact\/","title":{"rendered":"Contact"},"content":{"rendered":"<p>[vc_row][vc_column][vc_column_text]<\/p>\n<h2 style=\"margin: 50px 0 10px 0;\">R\u00e9servez une session\u00a0pour analyser vos besoins d\u00e8s aujourd&rsquo;hui!<\/h2>\n<p>[\/vc_column_text][vc_empty_space height=\u00a0\u00bb50px\u00a0\u00bb][\/vc_column][\/vc_row][vc_row full_width=\u00a0\u00bbstretch_row\u00a0\u00bb css=\u00a0\u00bb.vc_custom_1461748192227{padding-top: 50px !important;padding-bottom: 20px !important;background: #f1f2f8 url(https:\/\/www.thinkc.ca\/wp-content\/uploads\/2016\/04\/page-title-bg.png?id=4) !important;background-position: center !important;background-repeat: no-repeat !important;background-size: cover !important;}\u00a0\u00bb][vc_column width=\u00a0\u00bb1\/4&Prime;]<div class=\"iconbox \">\n\t<div class=\"box-header\">\n\t\t<div class=\"box-icon\"><i class=\"fa fa-phone\"><\/i><\/div>\n\t\t<h5 class=\"box-title\">Parlons donc ensemble!<\/h5>\n\t<\/div>\n\t<div class=\"box-content\">\n\t\t<p>N&rsquo;h\u00e9sitez pas \u00e0 nous appeler\u00a0pour voir comment on peut vous assister.<\/p>\n<p><strong>+1 514 497 8886<\/strong><\/p>\n\n\t\t\n\t<\/div>\n<\/div>[vc_empty_space height=\u00a0\u00bb30px\u00a0\u00bb][\/vc_column][vc_column width=\u00a0\u00bb3\/4&Prime; css=\u00a0\u00bb.vc_custom_1477929812584{background-color: #ffffff !important;}\u00a0\u00bb]<div class=\"iconbox \">\n\t<div class=\"box-header\">\n\t\t<div class=\"box-icon\"><i class=\"fa fa-envelope-o\"><\/i><\/div>\n\t\t<h5 class=\"box-title\">Contactez-nous par courriel.<\/h5>\n\t<\/div>\n\t<div class=\"box-content\">\n\t\t<p>Compl\u00e9tez ce formulaire et nous vous contacterons sous peu ou envoyez-nous directement un courriel sur info@thinkc.ca<\/p>\n\n\t\t\n\t<\/div>\n<\/div>[vc_empty_space height=\u00a0\u00bb30px\u00a0\u00bb]<div role=\"form\" class=\"wpcf7\" id=\"wpcf7-f1488-o1\" lang=\"en-US\" dir=\"ltr\">\n<div class=\"screen-reader-response\"><\/div>\n<form action=\"\/fr\/wp-json\/wp\/v2\/pages\/1477#wpcf7-f1488-o1\" method=\"post\" class=\"wpcf7-form\" novalidate=\"novalidate\">\n<div style=\"display: none;\">\n<input type=\"hidden\" name=\"_wpcf7\" value=\"1488\" \/>\n<input type=\"hidden\" name=\"_wpcf7_version\" value=\"4.7\" \/>\n<input type=\"hidden\" name=\"_wpcf7_locale\" value=\"en_US\" \/>\n<input type=\"hidden\" name=\"_wpcf7_unit_tag\" value=\"wpcf7-f1488-o1\" \/>\n<input type=\"hidden\" name=\"_wpnonce\" value=\"ebfeacd196\" \/>\n<\/div>\n<div class=\"formulaire de contact\">\n<div class=\"row\">\n<div class=\"columns columns-6\">\n<span><span class=\"wpcf7-form-control-wrap text-693\"><input type=\"text\" name=\"text-693\" value=\"\" size=\"40\" class=\"wpcf7-form-control wpcf7-text wpcf7-validates-as-required\" aria-required=\"true\" aria-invalid=\"false\" placeholder=\"Nom\" \/><\/span><\/span><span><span class=\"wpcf7-form-control-wrap email-414\"><input type=\"email\" name=\"email-414\" value=\"\" size=\"40\" class=\"wpcf7-form-control wpcf7-text wpcf7-email wpcf7-validates-as-required wpcf7-validates-as-email\" aria-required=\"true\" aria-invalid=\"false\" placeholder=\"Courriel\" \/><\/span><\/span><span><span class=\"wpcf7-form-control-wrap tel-577\"><input type=\"tel\" name=\"tel-577\" value=\"\" size=\"40\" class=\"wpcf7-form-control wpcf7-text wpcf7-tel wpcf7-validates-as-tel\" aria-invalid=\"false\" placeholder=\"Num\u00e9ro t\u00e9l\u00e9phone\" \/><\/span><\/span><span><span class=\"wpcf7-form-control-wrap text-31\"><input type=\"text\" name=\"text-31\" value=\"\" size=\"40\" class=\"wpcf7-form-control wpcf7-text\" aria-invalid=\"false\" placeholder=\"Sujet\" \/><\/span><\/span><\/div>\n<div class=\"columns columns-6\">\n<span><span class=\"wpcf7-form-control-wrap textarea-880\"><textarea name=\"textarea-880\" cols=\"40\" rows=\"10\" class=\"wpcf7-form-control wpcf7-textarea\" aria-invalid=\"false\" placeholder=\"Message\"><\/textarea><\/span><\/span><span><input type=\"submit\" value=\"Envoyez courriel\" class=\"wpcf7-form-control wpcf7-submit button\" \/><\/span><\/div>\n<\/div>\n<\/div>\n<input type='hidden' class='wpcf7-pum' value='{\"closepopup\":false,\"closedelay\":0,\"openpopup\":false,\"openpopup_id\":0}' \/><div class=\"wpcf7-response-output wpcf7-display-none\"><\/div><\/form><\/div>[vc_empty_space height=\u00a0\u00bb15px\u00a0\u00bb][\/vc_column][\/vc_row]<\/p>\n","protected":false},"excerpt":{"rendered":"<p>[vc_row][vc_column][vc_column_text] R\u00e9servez une session\u00a0pour analyser vos besoins d\u00e8s aujourd&rsquo;hui! [\/vc_column_text][vc_empty_space height=\u00a0\u00bb50px\u00a0\u00bb][\/vc_column][\/vc_row][vc_row full_width=\u00a0\u00bbstretch_row\u00a0\u00bb css=\u00a0\u00bb.vc_custom_1461748192227{padding-top: 50px !important;padding-bottom: 20px !important;background: #f1f2f8 url(https:\/\/www.thinkc.ca\/wp-content\/uploads\/2016\/04\/page-title-bg.png?id=4) !important;background-position: center !important;background-repeat: no-repeat !important;background-size: cover !important;}\u00a0\u00bb][vc_column width=\u00a0\u00bb1\/4&Prime;][vc_empty_space height=\u00a0\u00bb30px\u00a0\u00bb][\/vc_column][vc_column width=\u00a0\u00bb3\/4&Prime; css=\u00a0\u00bb.vc_custom_1477929812584{background-color: #ffffff !important;}\u00a0\u00bb][vc_empty_space height=\u00a0\u00bb30px\u00a0\u00bb][vc_empty_space height=\u00a0\u00bb15px\u00a0\u00bb][\/vc_column][\/vc_row]<\/p>\n","protected":false},"author":1,"featured_media":0,"parent":0,"menu_order":0,"comment_status":"closed","ping_status":"closed","template":"","meta":{"footnotes":""},"class_list":["post-1477","page","type-page","status-publish","hentry","no-post-thumbnail"],"jetpack_sharing_enabled":true,"_links":{"self":[{"href":"https:\/\/www.thinkc.ca\/fr\/wp-json\/wp\/v2\/pages\/1477","targetHints":{"allow":["GET"]}}],"collection":[{"href":"https:\/\/www.thinkc.ca\/fr\/wp-json\/wp\/v2\/pages"}],"about":[{"href":"https:\/\/www.thinkc.ca\/fr\/wp-json\/wp\/v2\/types\/page"}],"author":[{"embeddable":true,"href":"https:\/\/www.thinkc.ca\/fr\/wp-json\/wp\/v2\/users\/1"}],"replies":[{"embeddable":true,"href":"https:\/\/www.thinkc.ca\/fr\/wp-json\/wp\/v2\/comments?post=1477"}],"version-history":[{"count":4,"href":"https:\/\/www.thinkc.ca\/fr\/wp-json\/wp\/v2\/pages\/1477\/revisions"}],"predecessor-version":[{"id":1490,"href":"https:\/\/www.thinkc.ca\/fr\/wp-json\/wp\/v2\/pages\/1477\/revisions\/1490"}],"wp:attachment":[{"href":"https:\/\/www.thinkc.ca\/fr\/wp-json\/wp\/v2\/media?parent=1477"}],"curies":[{"name":"wp","href":"https:\/\/api.w.org\/{rel}","templated":true}]}}